{"id":15,"date":"2015-03-14T16:06:59","date_gmt":"2015-03-14T15:06:59","guid":{"rendered":"http:\/\/www.marianneguillemet.fr\/wp\/?page_id=15"},"modified":"2022-04-09T12:46:51","modified_gmt":"2022-04-09T10:46:51","slug":"realisations-logos","status":"publish","type":"page","link":"https:\/\/www.marianneguillemet.fr\/index.php\/realisations-logos\/","title":{"rendered":"Logos"},"content":{"rendered":"<div id=\"pl-15\"  class=\"panel-layout\" ><div id=\"pg-15-0\"  class=\"panel-grid panel-no-style\" ><div id=\"pgc-15-0-0\"  class=\"panel-grid-cell\" ><div id=\"panel-15-0-0-0\" class=\"so-panel widget widget_moesia_employees moesia_employees_widget panel-first-child panel-last-child\" data-index=\"0\" >\n\t\t<section id=\"employees\" class=\"employees-area\">\n\t\t\t<div class=\"container\">\n\t\t\t\t<h3 class=\"widget-title\"><span class=\"wow bounce\">Logos<\/span><\/h3>\t\t\t\t\t\t\t\t\t\t\t\t\t\t<div class=\"employee col-md-4 col-sm-6 col-xs-6\">\n\t\t\t\t\t\t\t\t\t\t\t\t\t<div class=\"employee-photo wow zoomInDown\">\n\t\t\t\t\t\t\t\t\t\t\t\t\t\t\t<img loading=\"lazy\" decoding=\"async\" width=\"430\" height=\"430\" src=\"https:\/\/www.marianneguillemet.fr\/wp-content\/uploads\/2021\/02\/TomsElec.jpg\" class=\"attachment-moesia-employees-thumb size-moesia-employees-thumb wp-post-image\" alt=\"\" srcset=\"https:\/\/www.marianneguillemet.fr\/wp-content\/uploads\/2021\/02\/TomsElec.jpg 1181w, https:\/\/www.marianneguillemet.fr\/wp-content\/uploads\/2021\/02\/TomsElec-150x150.jpg 150w, https:\/\/www.marianneguillemet.fr\/wp-content\/uploads\/2021\/02\/TomsElec-300x300.jpg 300w, https:\/\/www.marianneguillemet.fr\/wp-content\/uploads\/2021\/02\/TomsElec-1024x1024.jpg 1024w, https:\/\/www.marianneguillemet.fr\/wp-content\/uploads\/2021\/02\/TomsElec-360x360.jpg 360w, https:\/\/www.marianneguillemet.fr\/wp-content\/uploads\/2021\/02\/TomsElec-750x750.jpg 750w\" sizes=\"auto, (max-width: 430px) 100vw, 430px\" \/>\t\t\t\t\t\t\t\t\t\t\t\t\t\t<\/div>\n\t\t\t\t\t\t\n\t\t\t\t\t\t<h4 class=\"employee-name wow fadeInUp\">Tom&#8217;s Elec<\/h4>\n\t\t\t\t\t\t\t\t\t\t\t\t\t<span class=\"employee-position wow fadeInUp\">\u00c9lectricit\u00e9 g\u00e9n\u00e9rale<\/span>\n\t\t\t\t\t\t\t\t\t\t\t\t<div class=\"employee-desc wow fadeInUp\"><\/div>\n\t\t\t\t\t\t\t\t\t\t\t<\/div>\n\t\t\t\t\t\t\t\t\t\t\t\t\t\t<div class=\"employee col-md-4 col-sm-6 col-xs-6\">\n\t\t\t\t\t\t\t\t\t\t\t\t\t<div class=\"employee-photo wow zoomInDown\">\n\t\t\t\t\t\t\t\t\t\t\t\t\t\t\t<img loading=\"lazy\" decoding=\"async\" width=\"430\" height=\"430\" src=\"https:\/\/www.marianneguillemet.fr\/wp-content\/uploads\/2021\/02\/Callune.jpg\" class=\"attachment-moesia-employees-thumb size-moesia-employees-thumb wp-post-image\" alt=\"\" srcset=\"https:\/\/www.marianneguillemet.fr\/wp-content\/uploads\/2021\/02\/Callune.jpg 1181w, https:\/\/www.marianneguillemet.fr\/wp-content\/uploads\/2021\/02\/Callune-150x150.jpg 150w, https:\/\/www.marianneguillemet.fr\/wp-content\/uploads\/2021\/02\/Callune-300x300.jpg 300w, https:\/\/www.marianneguillemet.fr\/wp-content\/uploads\/2021\/02\/Callune-1024x1024.jpg 1024w, https:\/\/www.marianneguillemet.fr\/wp-content\/uploads\/2021\/02\/Callune-360x360.jpg 360w, https:\/\/www.marianneguillemet.fr\/wp-content\/uploads\/2021\/02\/Callune-750x750.jpg 750w\" sizes=\"auto, (max-width: 430px) 100vw, 430px\" \/>\t\t\t\t\t\t\t\t\t\t\t\t\t\t<\/div>\n\t\t\t\t\t\t\n\t\t\t\t\t\t<h4 class=\"employee-name wow fadeInUp\">Callune<\/h4>\n\t\t\t\t\t\t\t\t\t\t\t\t\t<span class=\"employee-position wow fadeInUp\">Objets en laine feutr\u00e9e - Laine paysanne<\/span>\n\t\t\t\t\t\t\t\t\t\t\t\t<div class=\"employee-desc wow fadeInUp\"><\/div>\n\t\t\t\t\t\t\t\t\t\t\t<\/div>\n\t\t\t\t\t\t\t\t\t\t\t\t\t\t<div class=\"employee col-md-4 col-sm-6 col-xs-6\">\n\t\t\t\t\t\t\t\t\t\t\t\t\t<div class=\"employee-photo wow zoomInDown\">\n\t\t\t\t\t\t\t\t\t\t\t\t\t\t\t<img loading=\"lazy\" decoding=\"async\" width=\"430\" height=\"430\" src=\"https:\/\/www.marianneguillemet.fr\/wp-content\/uploads\/2021\/02\/Regardemoi.jpg\" class=\"attachment-moesia-employees-thumb size-moesia-employees-thumb wp-post-image\" alt=\"\" srcset=\"https:\/\/www.marianneguillemet.fr\/wp-content\/uploads\/2021\/02\/Regardemoi.jpg 1181w, https:\/\/www.marianneguillemet.fr\/wp-content\/uploads\/2021\/02\/Regardemoi-150x150.jpg 150w, https:\/\/www.marianneguillemet.fr\/wp-content\/uploads\/2021\/02\/Regardemoi-300x300.jpg 300w, https:\/\/www.marianneguillemet.fr\/wp-content\/uploads\/2021\/02\/Regardemoi-1024x1024.jpg 1024w, https:\/\/www.marianneguillemet.fr\/wp-content\/uploads\/2021\/02\/Regardemoi-360x360.jpg 360w, https:\/\/www.marianneguillemet.fr\/wp-content\/uploads\/2021\/02\/Regardemoi-750x750.jpg 750w\" sizes=\"auto, (max-width: 430px) 100vw, 430px\" \/>\t\t\t\t\t\t\t\t\t\t\t\t\t\t<\/div>\n\t\t\t\t\t\t\n\t\t\t\t\t\t<h4 class=\"employee-name wow fadeInUp\">RegardeEmoi<\/h4>\n\t\t\t\t\t\t\t\t\t\t\t\t\t<span class=\"employee-position wow fadeInUp\">Cr\u00e9ations de vid\u00e9os pour particuliers et professionnels<\/span>\n\t\t\t\t\t\t\t\t\t\t\t\t<div class=\"employee-desc wow fadeInUp\"><\/div>\n\t\t\t\t\t\t\t\t\t\t\t<\/div>\n\t\t\t\t\t\t\t\t\t\t\t\t\t\t<div class=\"employee col-md-4 col-sm-6 col-xs-6\">\n\t\t\t\t\t\t\t\t\t\t\t\t\t<div class=\"employee-photo wow zoomInDown\">\n\t\t\t\t\t\t\t\t\t\t\t\t\t\t\t<img loading=\"lazy\" decoding=\"async\" width=\"430\" height=\"430\" src=\"https:\/\/www.marianneguillemet.fr\/wp-content\/uploads\/2020\/11\/LeLocal.jpg\" class=\"attachment-moesia-employees-thumb size-moesia-employees-thumb wp-post-image\" alt=\"\" srcset=\"https:\/\/www.marianneguillemet.fr\/wp-content\/uploads\/2020\/11\/LeLocal.jpg 1181w, https:\/\/www.marianneguillemet.fr\/wp-content\/uploads\/2020\/11\/LeLocal-150x150.jpg 150w, https:\/\/www.marianneguillemet.fr\/wp-content\/uploads\/2020\/11\/LeLocal-300x300.jpg 300w, https:\/\/www.marianneguillemet.fr\/wp-content\/uploads\/2020\/11\/LeLocal-1024x1024.jpg 1024w, https:\/\/www.marianneguillemet.fr\/wp-content\/uploads\/2020\/11\/LeLocal-360x360.jpg 360w, https:\/\/www.marianneguillemet.fr\/wp-content\/uploads\/2020\/11\/LeLocal-750x750.jpg 750w\" sizes=\"auto, (max-width: 430px) 100vw, 430px\" \/>\t\t\t\t\t\t\t\t\t\t\t\t\t\t<\/div>\n\t\t\t\t\t\t\n\t\t\t\t\t\t<h4 class=\"employee-name wow fadeInUp\">Le Local<\/h4>\n\t\t\t\t\t\t\t\t\t\t\t\t\t<span class=\"employee-position wow fadeInUp\">Coop\u00e9rative alimentaire<\/span>\n\t\t\t\t\t\t\t\t\t\t\t\t<div class=\"employee-desc wow fadeInUp\"><\/div>\n\t\t\t\t\t\t\t\t\t\t\t<\/div>\n\t\t\t\t\t\t\t\t\t\t\t\t\t\t<div class=\"employee col-md-4 col-sm-6 col-xs-6\">\n\t\t\t\t\t\t\t\t\t\t\t\t\t<div class=\"employee-photo wow zoomInDown\">\n\t\t\t\t\t\t\t\t\t\t\t\t\t\t\t<img loading=\"lazy\" decoding=\"async\" width=\"430\" height=\"430\" src=\"https:\/\/www.marianneguillemet.fr\/wp-content\/uploads\/2020\/11\/GuyDaniel.jpg\" class=\"attachment-moesia-employees-thumb size-moesia-employees-thumb wp-post-image\" alt=\"\" srcset=\"https:\/\/www.marianneguillemet.fr\/wp-content\/uploads\/2020\/11\/GuyDaniel.jpg 1181w, https:\/\/www.marianneguillemet.fr\/wp-content\/uploads\/2020\/11\/GuyDaniel-150x150.jpg 150w, https:\/\/www.marianneguillemet.fr\/wp-content\/uploads\/2020\/11\/GuyDaniel-300x300.jpg 300w, https:\/\/www.marianneguillemet.fr\/wp-content\/uploads\/2020\/11\/GuyDaniel-1024x1024.jpg 1024w, https:\/\/www.marianneguillemet.fr\/wp-content\/uploads\/2020\/11\/GuyDaniel-360x360.jpg 360w, https:\/\/www.marianneguillemet.fr\/wp-content\/uploads\/2020\/11\/GuyDaniel-750x750.jpg 750w\" sizes=\"auto, (max-width: 430px) 100vw, 430px\" \/>\t\t\t\t\t\t\t\t\t\t\t\t\t\t<\/div>\n\t\t\t\t\t\t\n\t\t\t\t\t\t<h4 class=\"employee-name wow fadeInUp\">Guy Daniel<\/h4>\n\t\t\t\t\t\t\t\t\t\t\t\t\t<span class=\"employee-position wow fadeInUp\">Mara\u00eecher<\/span>\n\t\t\t\t\t\t\t\t\t\t\t\t<div class=\"employee-desc wow fadeInUp\"><\/div>\n\t\t\t\t\t\t\t\t\t\t\t<\/div>\n\t\t\t\t\t\t\t\t\t\t\t\t\t\t<div class=\"employee col-md-4 col-sm-6 col-xs-6\">\n\t\t\t\t\t\t\t\t\t\t\t\t\t<div class=\"employee-photo wow zoomInDown\">\n\t\t\t\t\t\t\t\t\t\t\t\t\t\t\t<img loading=\"lazy\" decoding=\"async\" width=\"430\" height=\"430\" src=\"https:\/\/www.marianneguillemet.fr\/wp-content\/uploads\/2020\/11\/logoSangare.jpg\" class=\"attachment-moesia-employees-thumb size-moesia-employees-thumb wp-post-image\" alt=\"\" srcset=\"https:\/\/www.marianneguillemet.fr\/wp-content\/uploads\/2020\/11\/logoSangare.jpg 1181w, https:\/\/www.marianneguillemet.fr\/wp-content\/uploads\/2020\/11\/logoSangare-150x150.jpg 150w, https:\/\/www.marianneguillemet.fr\/wp-content\/uploads\/2020\/11\/logoSangare-300x300.jpg 300w, https:\/\/www.marianneguillemet.fr\/wp-content\/uploads\/2020\/11\/logoSangare-1024x1024.jpg 1024w, https:\/\/www.marianneguillemet.fr\/wp-content\/uploads\/2020\/11\/logoSangare-360x360.jpg 360w, https:\/\/www.marianneguillemet.fr\/wp-content\/uploads\/2020\/11\/logoSangare-750x750.jpg 750w\" sizes=\"auto, (max-width: 430px) 100vw, 430px\" \/>\t\t\t\t\t\t\t\t\t\t\t\t\t\t<\/div>\n\t\t\t\t\t\t\n\t\t\t\t\t\t<h4 class=\"employee-name wow fadeInUp\">Sangare Peinture<\/h4>\n\t\t\t\t\t\t\t\t\t\t\t\t\t<span class=\"employee-position wow fadeInUp\">Artisan peintre<\/span>\n\t\t\t\t\t\t\t\t\t\t\t\t<div class=\"employee-desc wow fadeInUp\"><\/div>\n\t\t\t\t\t\t\t\t\t\t\t<\/div>\n\t\t\t\t\t\t\t\t\t\t\t\t\t\t<div class=\"employee col-md-4 col-sm-6 col-xs-6\">\n\t\t\t\t\t\t\t\t\t\t\t\t\t<div class=\"employee-photo wow zoomInDown\">\n\t\t\t\t\t\t\t\t\t\t\t\t\t\t\t<img loading=\"lazy\" decoding=\"async\" width=\"430\" height=\"430\" src=\"https:\/\/www.marianneguillemet.fr\/wp-content\/uploads\/2019\/03\/BreizhCocotte.jpg\" class=\"attachment-moesia-employees-thumb size-moesia-employees-thumb wp-post-image\" alt=\"\" srcset=\"https:\/\/www.marianneguillemet.fr\/wp-content\/uploads\/2019\/03\/BreizhCocotte.jpg 1181w, https:\/\/www.marianneguillemet.fr\/wp-content\/uploads\/2019\/03\/BreizhCocotte-150x150.jpg 150w, https:\/\/www.marianneguillemet.fr\/wp-content\/uploads\/2019\/03\/BreizhCocotte-300x300.jpg 300w, https:\/\/www.marianneguillemet.fr\/wp-content\/uploads\/2019\/03\/BreizhCocotte-1024x1024.jpg 1024w, https:\/\/www.marianneguillemet.fr\/wp-content\/uploads\/2019\/03\/BreizhCocotte-360x360.jpg 360w, https:\/\/www.marianneguillemet.fr\/wp-content\/uploads\/2019\/03\/BreizhCocotte-750x750.jpg 750w\" sizes=\"auto, (max-width: 430px) 100vw, 430px\" \/>\t\t\t\t\t\t\t\t\t\t\t\t\t\t<\/div>\n\t\t\t\t\t\t\n\t\t\t\t\t\t<h4 class=\"employee-name wow fadeInUp\">Breizh cocotte<\/h4>\n\t\t\t\t\t\t\t\t\t\t\t\t\t<span class=\"employee-position wow fadeInUp\">Couturi\u00e8re<\/span>\n\t\t\t\t\t\t\t\t\t\t\t\t<div class=\"employee-desc wow fadeInUp\"><\/div>\n\t\t\t\t\t\t\t\t\t\t\t<\/div>\n\t\t\t\t\t\t\t\t\t\t\t\t\t\t<div class=\"employee col-md-4 col-sm-6 col-xs-6\">\n\t\t\t\t\t\t\t\t\t\t\t\t\t<div class=\"employee-photo wow zoomInDown\">\n\t\t\t\t\t\t\t\t\t\t\t\t\t\t\t<img loading=\"lazy\" decoding=\"async\" width=\"430\" height=\"430\" src=\"https:\/\/www.marianneguillemet.fr\/wp-content\/uploads\/2018\/10\/SaintHilaire.jpg\" class=\"attachment-moesia-employees-thumb size-moesia-employees-thumb wp-post-image\" alt=\"\" srcset=\"https:\/\/www.marianneguillemet.fr\/wp-content\/uploads\/2018\/10\/SaintHilaire.jpg 1181w, https:\/\/www.marianneguillemet.fr\/wp-content\/uploads\/2018\/10\/SaintHilaire-150x150.jpg 150w, https:\/\/www.marianneguillemet.fr\/wp-content\/uploads\/2018\/10\/SaintHilaire-300x300.jpg 300w, https:\/\/www.marianneguillemet.fr\/wp-content\/uploads\/2018\/10\/SaintHilaire-1024x1024.jpg 1024w, https:\/\/www.marianneguillemet.fr\/wp-content\/uploads\/2018\/10\/SaintHilaire-360x360.jpg 360w, https:\/\/www.marianneguillemet.fr\/wp-content\/uploads\/2018\/10\/SaintHilaire-750x750.jpg 750w\" sizes=\"auto, (max-width: 430px) 100vw, 430px\" \/>\t\t\t\t\t\t\t\t\t\t\t\t\t\t<\/div>\n\t\t\t\t\t\t\n\t\t\t\t\t\t<h4 class=\"employee-name wow fadeInUp\">Coll\u00e8ge St Hilaire<\/h4>\n\t\t\t\t\t\t\t\t\t\t\t\t<div class=\"employee-desc wow fadeInUp\"><\/div>\n\t\t\t\t\t\t\t\t\t\t\t<\/div>\n\t\t\t\t\t\t\t\t\t\t\t\t\t\t<div class=\"employee col-md-4 col-sm-6 col-xs-6\">\n\t\t\t\t\t\t\t\t\t\t\t\t\t<div class=\"employee-photo wow zoomInDown\">\n\t\t\t\t\t\t\t\t\t\t\t\t\t\t\t<img loading=\"lazy\" decoding=\"async\" width=\"430\" height=\"430\" src=\"https:\/\/www.marianneguillemet.fr\/wp-content\/uploads\/2016\/06\/LogoCactus1.jpg\" class=\"attachment-moesia-employees-thumb size-moesia-employees-thumb wp-post-image\" alt=\"\" srcset=\"https:\/\/www.marianneguillemet.fr\/wp-content\/uploads\/2016\/06\/LogoCactus1.jpg 1181w, https:\/\/www.marianneguillemet.fr\/wp-content\/uploads\/2016\/06\/LogoCactus1-150x150.jpg 150w, https:\/\/www.marianneguillemet.fr\/wp-content\/uploads\/2016\/06\/LogoCactus1-300x300.jpg 300w, https:\/\/www.marianneguillemet.fr\/wp-content\/uploads\/2016\/06\/LogoCactus1-1024x1024.jpg 1024w, https:\/\/www.marianneguillemet.fr\/wp-content\/uploads\/2016\/06\/LogoCactus1-360x360.jpg 360w, https:\/\/www.marianneguillemet.fr\/wp-content\/uploads\/2016\/06\/LogoCactus1-750x750.jpg 750w\" sizes=\"auto, (max-width: 430px) 100vw, 430px\" \/>\t\t\t\t\t\t\t\t\t\t\t\t\t\t<\/div>\n\t\t\t\t\t\t\n\t\t\t\t\t\t<h4 class=\"employee-name wow fadeInUp\">Cactus<\/h4>\n\t\t\t\t\t\t\t\t\t\t\t\t\t<span class=\"employee-position wow fadeInUp\">Magazine gratuit \u2022 Agenda culture et Loisirs en Pays de Redon<\/span>\n\t\t\t\t\t\t\t\t\t\t\t\t<div class=\"employee-desc wow fadeInUp\"><\/div>\n\t\t\t\t\t\t\t\t\t\t\t<\/div>\n\t\t\t\t\t\t\t\t\t\t\t\t\t\t<div class=\"employee col-md-4 col-sm-6 col-xs-6\">\n\t\t\t\t\t\t\t\t\t\t\t\t\t<div class=\"employee-photo wow zoomInDown\">\n\t\t\t\t\t\t\t\t\t\t\t\t\t\t\t<img loading=\"lazy\" decoding=\"async\" width=\"430\" height=\"430\" src=\"https:\/\/www.marianneguillemet.fr\/wp-content\/uploads\/2015\/09\/LaMieQuiChante.jpg\" class=\"attachment-moesia-employees-thumb size-moesia-employees-thumb wp-post-image\" alt=\"\" srcset=\"https:\/\/www.marianneguillemet.fr\/wp-content\/uploads\/2015\/09\/LaMieQuiChante.jpg 1181w, https:\/\/www.marianneguillemet.fr\/wp-content\/uploads\/2015\/09\/LaMieQuiChante-150x150.jpg 150w, https:\/\/www.marianneguillemet.fr\/wp-content\/uploads\/2015\/09\/LaMieQuiChante-300x300.jpg 300w, https:\/\/www.marianneguillemet.fr\/wp-content\/uploads\/2015\/09\/LaMieQuiChante-1024x1024.jpg 1024w, https:\/\/www.marianneguillemet.fr\/wp-content\/uploads\/2015\/09\/LaMieQuiChante-360x360.jpg 360w, https:\/\/www.marianneguillemet.fr\/wp-content\/uploads\/2015\/09\/LaMieQuiChante-750x750.jpg 750w\" sizes=\"auto, (max-width: 430px) 100vw, 430px\" \/>\t\t\t\t\t\t\t\t\t\t\t\t\t\t<\/div>\n\t\t\t\t\t\t\n\t\t\t\t\t\t<h4 class=\"employee-name wow fadeInUp\">La Mie qui Chante<\/h4>\n\t\t\t\t\t\t\t\t\t\t\t\t\t<span class=\"employee-position wow fadeInUp\">Paysans Boulangers<\/span>\n\t\t\t\t\t\t\t\t\t\t\t\t<div class=\"employee-desc wow fadeInUp\"><\/div>\n\t\t\t\t\t\t\t\t\t\t\t<\/div>\n\t\t\t\t\t\t\t\t\t\t\t\t\t\t<div class=\"employee col-md-4 col-sm-6 col-xs-6\">\n\t\t\t\t\t\t\t\t\t\t\t\t\t<div class=\"employee-photo wow zoomInDown\">\n\t\t\t\t\t\t\t\t\t\t\t\t\t\t\t<img loading=\"lazy\" decoding=\"async\" width=\"430\" height=\"430\" src=\"https:\/\/www.marianneguillemet.fr\/wp-content\/uploads\/2015\/09\/AMAP.jpg\" class=\"attachment-moesia-employees-thumb size-moesia-employees-thumb wp-post-image\" alt=\"\" srcset=\"https:\/\/www.marianneguillemet.fr\/wp-content\/uploads\/2015\/09\/AMAP.jpg 1181w, https:\/\/www.marianneguillemet.fr\/wp-content\/uploads\/2015\/09\/AMAP-150x150.jpg 150w, https:\/\/www.marianneguillemet.fr\/wp-content\/uploads\/2015\/09\/AMAP-300x300.jpg 300w, https:\/\/www.marianneguillemet.fr\/wp-content\/uploads\/2015\/09\/AMAP-1024x1024.jpg 1024w, https:\/\/www.marianneguillemet.fr\/wp-content\/uploads\/2015\/09\/AMAP-360x360.jpg 360w, https:\/\/www.marianneguillemet.fr\/wp-content\/uploads\/2015\/09\/AMAP-750x750.jpg 750w\" sizes=\"auto, (max-width: 430px) 100vw, 430px\" \/>\t\t\t\t\t\t\t\t\t\t\t\t\t\t<\/div>\n\t\t\t\t\t\t\n\t\t\t\t\t\t<h4 class=\"employee-name wow fadeInUp\">AMAPourtous<\/h4>\n\t\t\t\t\t\t\t\t\t\t\t\t\t<span class=\"employee-position wow fadeInUp\">Logo de l&#039;AMAP (Association d&#039;Aide au Maintien de l&#039;Agriculture Paysanne) de Guer (56)<\/span>\n\t\t\t\t\t\t\t\t\t\t\t\t<div class=\"employee-desc wow fadeInUp\"><\/div>\n\t\t\t\t\t\t\t\t\t\t\t<\/div>\n\t\t\t\t\t\t\t\t\t\t\t\t\t\t<div class=\"employee col-md-4 col-sm-6 col-xs-6\">\n\t\t\t\t\t\t\t\t\t\t\t\t\t\t\t\t\t\t\t\t\t<img decoding=\"async\" class=\"employee-photo wow zoomInDown\" src=\"http:\/\/www.marianneguillemet.fr\/wp\/wp-content\/uploads\/2014\/07\/MesPetitesCoutures.jpg\" alt=\"Mes petites coutures\">\n\t\t\t\t\t\t\t\t\t\t\t\t\t\n\t\t\t\t\t\t<h4 class=\"employee-name wow fadeInUp\">Mes petites coutures<\/h4>\n\t\t\t\t\t\t\t\t\t\t\t\t\t<span class=\"employee-position wow fadeInUp\">Atelier &amp; cours de couture \u2022 Saint-Christophe-sur-Roc (79)<\/span>\n\t\t\t\t\t\t\t\t\t\t\t\t<div class=\"employee-desc wow fadeInUp\"><\/div>\n\t\t\t\t\t\t\t\t\t\t\t<\/div>\n\t\t\t\t\t\t\t\t\t\t\t\t\t\t<div class=\"employee col-md-4 col-sm-6 col-xs-6\">\n\t\t\t\t\t\t\t\t\t\t\t\t\t\t\t\t\t\t\t\t\t<img decoding=\"async\" class=\"employee-photo wow zoomInDown\" src=\"http:\/\/www.marianneguillemet.fr\/wp\/wp-content\/uploads\/2014\/07\/logoCampel2.jpg\" alt=\"Commune de Campel\">\n\t\t\t\t\t\t\t\t\t\t\t\t\t\n\t\t\t\t\t\t<h4 class=\"employee-name wow fadeInUp\">Commune de Campel<\/h4>\n\t\t\t\t\t\t\t\t\t\t\t\t\t<span class=\"employee-position wow fadeInUp\">Identit\u00e9 visuelle de la commune de Campel (35)<\/span>\n\t\t\t\t\t\t\t\t\t\t\t\t<div class=\"employee-desc wow fadeInUp\"><\/div>\n\t\t\t\t\t\t\t\t\t\t\t<\/div>\n\t\t\t\t\t\t\t\t\t\t\t\t\t\t<div class=\"employee col-md-4 col-sm-6 col-xs-6\">\n\t\t\t\t\t\t\t\t\t\t\t\t\t\t\t\t\t\t\t\t\t<img decoding=\"async\" class=\"employee-photo wow zoomInDown\" src=\"http:\/\/www.marianneguillemet.fr\/wp\/wp-content\/uploads\/2015\/03\/LogoNougatineCouleur.jpg\" alt=\"Nougatine\">\n\t\t\t\t\t\t\t\t\t\t\t\t\t\n\t\t\t\t\t\t<h4 class=\"employee-name wow fadeInUp\">Nougatine<\/h4>\n\t\t\t\t\t\t\t\t\t\t\t\t\t<span class=\"employee-position wow fadeInUp\">Halte-garderie \u2022 Messac (35)<\/span>\n\t\t\t\t\t\t\t\t\t\t\t\t<div class=\"employee-desc wow fadeInUp\"><\/div>\n\t\t\t\t\t\t\t\t\t\t\t<\/div>\n\t\t\t\t\t\t\t\t\t\t\t\t\t\t<div class=\"employee col-md-4 col-sm-6 col-xs-6\">\n\t\t\t\t\t\t\t\t\t\t\t\t\t\t\t\t\t\t\t\t\t<img decoding=\"async\" class=\"employee-photo wow zoomInDown\" src=\"http:\/\/www.marianneguillemet.fr\/wp\/wp-content\/uploads\/2015\/03\/LogoGreenstory.jpg\" alt=\"Greenstory\">\n\t\t\t\t\t\t\t\t\t\t\t\t\t\n\t\t\t\t\t\t<h4 class=\"employee-name wow fadeInUp\">Greenstory<\/h4>\n\t\t\t\t\t\t\t\t\t\t\t\t\t<span class=\"employee-position wow fadeInUp\">Accompagnement marketing &amp; communication<\/span>\n\t\t\t\t\t\t\t\t\t\t\t\t<div class=\"employee-desc wow fadeInUp\"><\/div>\n\t\t\t\t\t\t\t\t\t\t\t<\/div>\n\t\t\t\t\t\t\t\t\t\t\t\t\t\t<div class=\"employee col-md-4 col-sm-6 col-xs-6\">\n\t\t\t\t\t\t\t\t\t\t\t\t\t\t\t\t\t\t\t\t\t<img decoding=\"async\" class=\"employee-photo wow zoomInDown\" src=\"http:\/\/www.marianneguillemet.fr\/wp\/wp-content\/uploads\/2015\/03\/LogoCafePop.jpg\" alt=\"Caf\u00e9 populaire\">\n\t\t\t\t\t\t\t\t\t\t\t\t\t\n\t\t\t\t\t\t<h4 class=\"employee-name wow fadeInUp\">Caf\u00e9 populaire<\/h4>\n\t\t\t\t\t\t\t\t\t\t\t\t\t<span class=\"employee-position wow fadeInUp\">Bar, restaurant \u2022 Poitiers (86)<\/span>\n\t\t\t\t\t\t\t\t\t\t\t\t<div class=\"employee-desc wow fadeInUp\"><\/div>\n\t\t\t\t\t\t\t\t\t\t\t<\/div>\n\t\t\t\t\t\t\t\t\t\t\t\t\t\t<div class=\"employee col-md-4 col-sm-6 col-xs-6\">\n\t\t\t\t\t\t\t\t\t\t\t\t\t\t\t\t\t\t\t\t\t<img decoding=\"async\" class=\"employee-photo wow zoomInDown\" src=\"http:\/\/www.marianneguillemet.fr\/wp\/wp-content\/uploads\/2015\/03\/Chavabox.jpg\" alt=\"Chavabox\">\n\t\t\t\t\t\t\t\t\t\t\t\t\t\n\t\t\t\t\t\t<h4 class=\"employee-name wow fadeInUp\">Chavabox<\/h4>\n\t\t\t\t\t\t\t\t\t\t\t\t\t<span class=\"employee-position wow fadeInUp\">Bo\u00eete cadeau bi-mensuelle<\/span>\n\t\t\t\t\t\t\t\t\t\t\t\t<div class=\"employee-desc wow fadeInUp\"><\/div>\n\t\t\t\t\t\t\t\t\t\t\t<\/div>\n\t\t\t\t\t\t\t\t\t\t\t\t\t\t<div class=\"employee col-md-4 col-sm-6 col-xs-6\">\n\t\t\t\t\t\t\t\t\t\t\t\t\t\t\t\t\t\t\t\t\t<img decoding=\"async\" class=\"employee-photo wow zoomInDown\" src=\"http:\/\/www.marianneguillemet.fr\/wp\/wp-content\/uploads\/2015\/03\/AliveProd.jpg\" alt=\"Alive Prod\">\n\t\t\t\t\t\t\t\t\t\t\t\t\t\n\t\t\t\t\t\t<h4 class=\"employee-name wow fadeInUp\">Alive Prod<\/h4>\n\t\t\t\t\t\t\t\t\t\t\t\t\t<span class=\"employee-position wow fadeInUp\">Label associatif de DJ \u2022 Rennes (35)<\/span>\n\t\t\t\t\t\t\t\t\t\t\t\t<div class=\"employee-desc wow fadeInUp\"><\/div>\n\t\t\t\t\t\t\t\t\t\t\t<\/div>\n\t\t\t\t\t\t\t\t\t\t\t\t\t\t<div class=\"employee col-md-4 col-sm-6 col-xs-6\">\n\t\t\t\t\t\t\t\t\t\t\t\t\t\t\t\t\t\t\t\t\t<img decoding=\"async\" class=\"employee-photo wow zoomInDown\" src=\"http:\/\/www.marianneguillemet.fr\/wp\/wp-content\/uploads\/2015\/03\/LogoOrigami.jpg\" alt=\"Origami le magazine\">\n\t\t\t\t\t\t\t\t\t\t\t\t\t\n\t\t\t\t\t\t<h4 class=\"employee-name wow fadeInUp\">Origami le magazine<\/h4>\n\t\t\t\t\t\t\t\t\t\t\t\t\t<span class=\"employee-position wow fadeInUp\">Magazine \u00e0 lire et \u00e0 plier<\/span>\n\t\t\t\t\t\t\t\t\t\t\t\t<div class=\"employee-desc wow fadeInUp\"><\/div>\n\t\t\t\t\t\t\t\t\t\t\t<\/div>\n\t\t\t\t\t\t\t\t\t\t\t\t\t\t<div class=\"employee col-md-4 col-sm-6 col-xs-6\">\n\t\t\t\t\t\t\t\t\t\t\t\t\t\t\t\t\t\t\t\t\t<img decoding=\"async\" class=\"employee-photo wow zoomInDown\" src=\"http:\/\/www.marianneguillemet.fr\/wp\/wp-content\/uploads\/2015\/03\/LogoPoulainTaupe.jpg\" alt=\"Poulain\">\n\t\t\t\t\t\t\t\t\t\t\t\t\t\n\t\t\t\t\t\t<h4 class=\"employee-name wow fadeInUp\">Poulain<\/h4>\n\t\t\t\t\t\t\t\t\t\t\t\t\t<span class=\"employee-position wow fadeInUp\">Traiteur - Hennebont (56)<\/span>\n\t\t\t\t\t\t\t\t\t\t\t\t<div class=\"employee-desc wow fadeInUp\"><\/div>\n\t\t\t\t\t\t\t\t\t\t\t<\/div>\n\t\t\t\t\t\t\t<\/div>\n\t\t\t\t\t\n\t\t<\/section>\n\t\t\t\t\n\t\t\n\t<\/div><\/div><\/div><\/div>","protected":false},"excerpt":{"rendered":"<p>Logos Tom&#8217;s Elec \u00c9lectricit\u00e9 g\u00e9n\u00e9rale Callune Objets en laine feutr\u00e9e &#8211; Laine paysanne RegardeEmoi Cr\u00e9ations de vid\u00e9os pour particuliers et professionnels Le Local Coop\u00e9rative alimentaire Guy Daniel Mara\u00eecher Sangare Peinture [&hellip;]<\/p>\n","protected":false},"author":1,"featured_media":0,"parent":0,"menu_order":0,"comment_status":"closed","ping_status":"open","template":"page_front-page.php","meta":{"footnotes":""},"class_list":["post-15","page","type-page","status-publish","hentry"],"_links":{"self":[{"href":"https:\/\/www.marianneguillemet.fr\/index.php\/wp-json\/wp\/v2\/pages\/15","targetHints":{"allow":["GET"]}}],"collection":[{"href":"https:\/\/www.marianneguillemet.fr\/index.php\/wp-json\/wp\/v2\/pages"}],"about":[{"href":"https:\/\/www.marianneguillemet.fr\/index.php\/wp-json\/wp\/v2\/types\/page"}],"author":[{"embeddable":true,"href":"https:\/\/www.marianneguillemet.fr\/index.php\/wp-json\/wp\/v2\/users\/1"}],"replies":[{"embeddable":true,"href":"https:\/\/www.marianneguillemet.fr\/index.php\/wp-json\/wp\/v2\/comments?post=15"}],"version-history":[{"count":20,"href":"https:\/\/www.marianneguillemet.fr\/index.php\/wp-json\/wp\/v2\/pages\/15\/revisions"}],"predecessor-version":[{"id":3494,"href":"https:\/\/www.marianneguillemet.fr\/index.php\/wp-json\/wp\/v2\/pages\/15\/revisions\/3494"}],"wp:attachment":[{"href":"https:\/\/www.marianneguillemet.fr\/index.php\/wp-json\/wp\/v2\/media?parent=15"}],"curies":[{"name":"wp","href":"https:\/\/api.w.org\/{rel}","templated":true}]}}